{"id":8,"date":"2017-05-09T21:13:08","date_gmt":"2017-05-09T21:13:08","guid":{"rendered":"https:\/\/tsa-lahngold.de\/?page_id=8"},"modified":"2024-03-30T10:27:01","modified_gmt":"2024-03-30T10:27:01","slug":"trainingsangebote","status":"publish","type":"page","link":"https:\/\/tsa-lahngold.de\/?page_id=8","title":{"rendered":"Trainingsangebote (Trainingszeiten)"},"content":{"rendered":"<p style=\"text-align: left;\">Egal ob Sie sich \u201enur mal so\u201c informieren wollen, neugierig sind, was bei uns passiert, Ihre Kenntnisse unter fachkundiger Anleitung vertiefen m\u00f6chten, oder den Tanzsport fr\u00f6nen, kommen Sie zu einem zweimaligen kostenfreien Probetraining in unsere Trainingsst\u00e4tte Lahnblickhalle Altendiez.<\/p>\n<p><strong>Dienstag:<br \/><\/strong>16:30 &#8211; 17:30 Uhr Dancing Kids (8-10 Jahre) &#8211; Lahnblickhalle Altendiez<br \/>17:30 &#8211; 18:30 Uhr Dancing Teens (ab 11 Jahre) &#8211; Lahnblickhalle Altendiez<br \/>18:00 &#8211; 19:00 Uhr Linedance Fortgeschrittene &#8211; Waldorfschule Diez<br \/>19:30 &#8211; 20:30 Uhr Linedance Einsteiger &#8211; Waldorfschule Diez<\/p>\n<p><strong>Mittwoch:<br \/><\/strong>10:15 &#8211; 11:45 Uhr Erlebnistanz (bisher Tanzen 55+) &#8211; Radsporthalle i.d. Au, Diez<\/p>\n<p><strong>Donnerstag:<br \/><\/strong>16:30 &#8211; 17:30 Uhr Dancing Minis (5-7 Jahre) &#8211; Lahnblickhalle Altendiez<br \/>17:45 &#8211; 19:00 Uhr Yoga &#8211; Seniorenheim R\u00f6mergarten Altendiez<\/p>\n<div>\n<p>In den rheinland-pf\u00e4lzischen Schulferien sowie an Feiertagen<br \/>findet i.d.R. kein angeleitetes Training statt.<br \/>Ggf. erfolgt Trainingsabsprache mit den \u00dcbungsleitern.<\/p>\n<\/div>\n<div>Weitere Informationen erhalten Sie unter: <a href=\"mailto:info@tsa-lahngold.de\">info@tsa-lahngold.de<\/a><br \/>Ansprechpartner:<br \/>Hubert Lehmann, Tel.: 0157-73918498<br \/>Karl-Bernd Giebenhain, Tel.: 06432-83146<\/div>\n\n\n<p><\/p>\n","protected":false},"excerpt":{"rendered":"<p>Egal ob Sie sich \u201enur mal so\u201c informieren wollen, neugierig sind, was bei uns passiert, Ihre Kenntnisse unter fachkundiger Anleitung vertiefen m\u00f6chten, oder den Tanzsport fr\u00f6nen, kommen Sie zu einem zweimaligen kostenfreien Probetraining in unsere Trainingsst\u00e4tte Lahnblickhalle Altendiez. Dienstag:16:30 &#8211; 17:30 Uhr Dancing Kids (8-10 Jahre) &#8211; Lahnblickhalle Altendiez17:30 &#8211; 18:30 Uhr Dancing Teens (ab &hellip; <\/p>\n<p class=\"link-more\"><a href=\"https:\/\/tsa-lahngold.de\/?page_id=8\" class=\"more-link\"><span class=\"screen-reader-text\">\u201eTrainingsangebote (Trainingszeiten)\u201c <\/span>weiterlesen<\/a><\/p>\n","protected":false},"author":1,"featured_media":0,"parent":0,"menu_order":0,"comment_status":"closed","ping_status":"closed","template":"","meta":{"footnotes":""},"class_list":["post-8","page","type-page","status-publish","hentry"],"_links":{"self":[{"href":"https:\/\/tsa-lahngold.de\/index.php?rest_route=\/wp\/v2\/pages\/8","targetHints":{"allow":["GET"]}}],"collection":[{"href":"https:\/\/tsa-lahngold.de\/index.php?rest_route=\/wp\/v2\/pages"}],"about":[{"href":"https:\/\/tsa-lahngold.de\/index.php?rest_route=\/wp\/v2\/types\/page"}],"author":[{"embeddable":true,"href":"https:\/\/tsa-lahngold.de\/index.php?rest_route=\/wp\/v2\/users\/1"}],"replies":[{"embeddable":true,"href":"https:\/\/tsa-lahngold.de\/index.php?rest_route=%2Fwp%2Fv2%2Fcomments&post=8"}],"version-history":[{"count":53,"href":"https:\/\/tsa-lahngold.de\/index.php?rest_route=\/wp\/v2\/pages\/8\/revisions"}],"predecessor-version":[{"id":7584,"href":"https:\/\/tsa-lahngold.de\/index.php?rest_route=\/wp\/v2\/pages\/8\/revisions\/7584"}],"wp:attachment":[{"href":"https:\/\/tsa-lahngold.de\/index.php?rest_route=%2Fwp%2Fv2%2Fmedia&parent=8"}],"curies":[{"name":"wp","href":"https:\/\/api.w.org\/{rel}","templated":true}]}}