{"id":2,"date":"2016-05-10T03:48:21","date_gmt":"2016-05-10T03:48:21","guid":{"rendered":"https:\/\/tsa-lahngold.de\/?page_id=2"},"modified":"2024-03-30T10:07:16","modified_gmt":"2024-03-30T10:07:16","slug":"sample-page","status":"publish","type":"page","link":"https:\/\/tsa-lahngold.de\/","title":{"rendered":"Herzlich Willkommen"},"content":{"rendered":"<p><strong>Willkommen bei der TSA Lahngold im VfL Altendiez e.V.<\/strong><strong><br \/><\/strong><strong><br \/>Haben Sie Lust zum Tanzen?<br \/><\/strong><strong>Dann sind Sie genau richtig bei uns!<\/strong><\/p>\n<p>Bei uns finden Sie sehr viele Angebote der unterschiedlichsten Tanzformen.<br \/>Bestimmt ist da auch etwas f\u00fcr Sie dabei, von Standard &amp; Latein, Seniorentanz, New Vogue, Discofox, Salsa &amp; WestCoastSwing, Line Dance bis hin zu Dancing for Kids, Yoga und mehr.<br \/>Schauen Sie doch einfach bei uns vorbei, wir freuen uns auf Sie !<\/p>\n<p>Seit Juni 2021 sind wir mit unseren Gruppen in der Lahnblickhalle Altendiez, Radsporthalle, Turnhalle Waldorfschule Diez und Seniorenheim R\u00f6mergarten Altendiez.<\/p>\n<p>Die TSA Lahngold bietet Tanzen f\u00fcr Kinder, Jugendliche, Erwachsene und Senioren als Freizeit- und Breitensport.<\/p>\n<p>Wir bieten Ihnen &#8211; in Absprache &#8211; au\u00dferdem die M\u00f6glichkeit Ihre t\u00e4nzerischen F\u00e4higkeiten und Kenntnisse aufzufrischen, zum Beispiel, um zur Hochzeitsfeier den perfekten Walzer auf die Tanzfl\u00e4che zu zaubern. Sprechen Sie uns an.<\/p>\n<p>Unsere \u00dcbungsleiter*innen betreuen Sie professionell !<\/p>\n<p>Ihr<\/p>\n<p>Karl-Bernd (Charly) Giebenhain<br \/>Abteilungsleiter TSA Lahngold<\/p>\n\n\n<hr class=\"wp-block-separator has-alpha-channel-opacity is-style-wide\"\/>\n","protected":false},"excerpt":{"rendered":"<p>Willkommen bei der TSA Lahngold im VfL Altendiez e.V.Haben Sie Lust zum Tanzen?Dann sind Sie genau richtig bei uns! Bei uns finden Sie sehr viele Angebote der unterschiedlichsten Tanzformen.Bestimmt ist da auch etwas f\u00fcr Sie dabei, von Standard &amp; Latein, Seniorentanz, New Vogue, Discofox, Salsa &amp; WestCoastSwing, Line Dance bis hin zu Dancing for Kids, &hellip; <\/p>\n<p class=\"link-more\"><a href=\"https:\/\/tsa-lahngold.de\/\" class=\"more-link\"><span class=\"screen-reader-text\">\u201eHerzlich Willkommen\u201c <\/span>weiterlesen<\/a><\/p>\n","protected":false},"author":1,"featured_media":0,"parent":0,"menu_order":0,"comment_status":"closed","ping_status":"closed","template":"","meta":{"footnotes":""},"class_list":["post-2","page","type-page","status-publish","hentry"],"_links":{"self":[{"href":"https:\/\/tsa-lahngold.de\/index.php?rest_route=\/wp\/v2\/pages\/2","targetHints":{"allow":["GET"]}}],"collection":[{"href":"https:\/\/tsa-lahngold.de\/index.php?rest_route=\/wp\/v2\/pages"}],"about":[{"href":"https:\/\/tsa-lahngold.de\/index.php?rest_route=\/wp\/v2\/types\/page"}],"author":[{"embeddable":true,"href":"https:\/\/tsa-lahngold.de\/index.php?rest_route=\/wp\/v2\/users\/1"}],"replies":[{"embeddable":true,"href":"https:\/\/tsa-lahngold.de\/index.php?rest_route=%2Fwp%2Fv2%2Fcomments&post=2"}],"version-history":[{"count":20,"href":"https:\/\/tsa-lahngold.de\/index.php?rest_route=\/wp\/v2\/pages\/2\/revisions"}],"predecessor-version":[{"id":7581,"href":"https:\/\/tsa-lahngold.de\/index.php?rest_route=\/wp\/v2\/pages\/2\/revisions\/7581"}],"wp:attachment":[{"href":"https:\/\/tsa-lahngold.de\/index.php?rest_route=%2Fwp%2Fv2%2Fmedia&parent=2"}],"curies":[{"name":"wp","href":"https:\/\/api.w.org\/{rel}","templated":true}]}}